{"id":9,"date":"2020-01-27T13:31:54","date_gmt":"2020-01-27T13:31:54","guid":{"rendered":"http:\/\/mediacje.kieliszak.pl\/?page_id=9"},"modified":"2020-10-21T14:29:54","modified_gmt":"2020-10-21T14:29:54","slug":"kontakt","status":"publish","type":"page","link":"https:\/\/mediacje.kieliszak.pl\/?page_id=9","title":{"rendered":"Kontakt"},"content":{"rendered":"\n<figure class=\"wp-block-image size-large is-style-default\"><img decoding=\"async\" width=\"175\" height=\"176\" src=\"https:\/\/mediacje.kieliszak.pl\/wp-content\/uploads\/2020\/01\/20160626_190848.jpg\" alt=\"\" class=\"wp-image-26\" srcset=\"https:\/\/mediacje.kieliszak.pl\/wp-content\/uploads\/2020\/01\/20160626_190848.jpg 175w, https:\/\/mediacje.kieliszak.pl\/wp-content\/uploads\/2020\/01\/20160626_190848-150x150.jpg 150w\" sizes=\"(max-width: 175px) 100vw, 175px\" \/><\/figure>\n\n\n\n<p>Telefoniczny: <strong>+48 604 174 570<\/strong> r\u00f3wnie\u017c na <strong>WhatsApp&#8217;ie<\/strong><\/p>\n\n\n\n<p><strong>e-mail: <a href=\"mailto:mediacje@kieliszak.pl\">mediacje@kieliszak.pl<\/a><\/strong><\/p>\n\n\n\n<p>Kontakt On-Line na <a rel=\"noreferrer noopener\" href=\"https:\/\/join.skype.com\/invite\/g5Vh0LIZGfvC\" target=\"_blank\"><strong>Skypie<span class=\"has-inline-color has-vivid-cyan-blue-color\"><\/span><\/strong><\/a><\/p>\n\n\n\n<p><strong>Odpowiadam  na wszystkie zapytania dotycz\u0105ce spraw skierowanych przez S\u0105d do  mediacji jak i tych kt\u00f3rzy zdecydowali sami o mediacji.<\/strong> <\/p>\n","protected":false},"excerpt":{"rendered":"<p>Telefoniczny: +48 604 174 570 r\u00f3wnie\u017c na WhatsApp&#8217;ie e-mail: mediacje@kieliszak.pl Kontakt On-Line na Skypie Odpowiadam na wszystkie zapytania dotycz\u0105ce spraw skierowanych przez S\u0105d do mediacji&hellip;<\/p>\n","protected":false},"author":1,"featured_media":30,"parent":0,"menu_order":3,"comment_status":"closed","ping_status":"closed","template":"","meta":{"footnotes":""},"class_list":["post-9","page","type-page","status-publish","has-post-thumbnail","hentry"],"_links":{"self":[{"href":"https:\/\/mediacje.kieliszak.pl\/index.php?rest_route=\/wp\/v2\/pages\/9","targetHints":{"allow":["GET"]}}],"collection":[{"href":"https:\/\/mediacje.kieliszak.pl\/index.php?rest_route=\/wp\/v2\/pages"}],"about":[{"href":"https:\/\/mediacje.kieliszak.pl\/index.php?rest_route=\/wp\/v2\/types\/page"}],"author":[{"embeddable":true,"href":"https:\/\/mediacje.kieliszak.pl\/index.php?rest_route=\/wp\/v2\/users\/1"}],"replies":[{"embeddable":true,"href":"https:\/\/mediacje.kieliszak.pl\/index.php?rest_route=%2Fwp%2Fv2%2Fcomments&post=9"}],"version-history":[{"count":15,"href":"https:\/\/mediacje.kieliszak.pl\/index.php?rest_route=\/wp\/v2\/pages\/9\/revisions"}],"predecessor-version":[{"id":170,"href":"https:\/\/mediacje.kieliszak.pl\/index.php?rest_route=\/wp\/v2\/pages\/9\/revisions\/170"}],"wp:featuredmedia":[{"embeddable":true,"href":"https:\/\/mediacje.kieliszak.pl\/index.php?rest_route=\/wp\/v2\/media\/30"}],"wp:attachment":[{"href":"https:\/\/mediacje.kieliszak.pl\/index.php?rest_route=%2Fwp%2Fv2%2Fmedia&parent=9"}],"curies":[{"name":"wp","href":"https:\/\/api.w.org\/{rel}","templated":true}]}}