{"id":8,"date":"2020-01-27T13:31:54","date_gmt":"2020-01-27T13:31:54","guid":{"rendered":"http:\/\/mediacje.kieliszak.pl\/?page_id=8"},"modified":"2024-01-22T18:55:09","modified_gmt":"2024-01-22T18:55:09","slug":"oferta","status":"publish","type":"page","link":"https:\/\/mediacje.kieliszak.pl\/?page_id=8","title":{"rendered":"Oferta"},"content":{"rendered":"\n<h2 class=\"wp-block-heading has-vivid-cyan-blue-color has-text-color\"><strong>Mediacje On-Line w formie wideo-spotka\u0144<\/strong>. <\/h2>\n\n\n\n<p><strong>Obowi\u0105zek alimentacyjny przy wnioskach o \u015bwiadczenie socjalne<span style=\"background-color:rgba(0, 0, 0, 0)\" class=\"has-inline-color has-vivid-red-color\"> 800+.<\/span><\/strong><\/p>\n\n\n\n<p class=\"has-vivid-red-color has-text-color has-normal-font-size\"><strong><a href=\"https:\/\/mediacje.kieliszak.pl\/?page_id=137\">Mediacje oko\u0142o rozwodowe<\/a><\/strong><\/p>\n\n\n\n<p>Je\u015bli potrzebujesz orzeczenia o obowi\u0105zku alimentacyjnym, ustali\u0107 opiek\u0119 nad dzieckiem czy rodzicem, zdecydowa\u0107 o podziale maj\u0105tku lub o odzyskaniu zobowi\u0105za\u0144 finansowych, to  jedyne co potrzeba to:<br><br>&#8211; Znale\u017a\u0107 mediatora.<br>&#8211; Chcie\u0107 znale\u017a\u0107 satysfakcjonuj\u0105ce rozwi\u0105zanie naszej sprawy.<br>&#8211; Zaprosi\u0107 drug\u0105 stron\u0119 konfliktu lub sporu (mo\u017ce to zrobi\u0107 mediator).<br>&#8211; Spisa\u0107 ugod\u0119 i zatwierdzi\u0107 j\u0105 w S\u0105dzie. <\/p>\n\n\n\n<p>Obecne\nregulacje prawne wymagaj\u0105 ustanowienia obowi\u0105zku alimentacyjnego dla dziecka.\nRodzic samotnie wychowuj\u0105cy dziecko lub dzieci, ma obowi\u0105zek przedstawienia\norzeczenia s\u0105dowego o ustanowieniu obowi\u0105zku alimentacyjnego.<\/p>\n\n\n\n<p>Aby\nuzyska\u0107 takie orzeczenie, nale\u017cy z\u0142o\u017cy\u0107 do S\u0105du pozew o ustanowienie obowi\u0105zku\nalimentacyjnego lub ugod\u0119 zawart\u0105 przed mediatorem o ustanowienie obowi\u0105zku\nalimentacyjnego, kt\u00f3r\u0105 zgodnie podpisuj\u0105 oboje rodzice. Czas oczekiwania na\norzeczenie S\u0105du to obecnie ok. 6-8 m-cy gdy sk\u0142adamy pozew lub 1 m-c &#8211; gdy\nsk\u0142adamy ugod\u0119 i wniosek o jej zatwierdzenie.<\/p>\n\n\n\n<p>R\u00f3wnie\u017c koszty s\u0105 r\u00f3\u017cne. Kancelarie adwokackie i notarialne rozliczaj\u0105 wg WPS (Warto\u015bci Przedmiotu Sporu) w skali roku, gdzie maj\u0105 swoje stawki. <\/p>\n\n\n\n<p class=\"has-vivid-red-color has-text-color\"><strong><a href=\"https:\/\/mediacje.kieliszak.pl\/?page_id=182\" target=\"_blank\" rel=\"noreferrer noopener\"> W za\u0142\u0105czniku, obowi\u0105zuj\u0105ce stawki &#8211; wszystkie s\u0105 UMOWNE. <\/a><\/strong><\/p>\n\n\n\n<p><strong>Mediator dzia\u0142aj\u0105c na podstawie umowy o mediacj\u0119, proponuje o wiele ni\u017csze koszty opracowania i z\u0142o\u017cenia ugody w S\u0105dzie ni\u017c w innych procesach prawnych<\/strong>.<\/p>\n","protected":false},"excerpt":{"rendered":"<p>Mediacje On-Line w formie wideo-spotka\u0144. Obowi\u0105zek alimentacyjny przy wnioskach o \u015bwiadczenie socjalne 800+. Mediacje oko\u0142o rozwodowe Je\u015bli potrzebujesz orzeczenia o obowi\u0105zku alimentacyjnym, ustali\u0107 opiek\u0119 nad&hellip;<\/p>\n","protected":false},"author":1,"featured_media":0,"parent":0,"menu_order":2,"comment_status":"closed","ping_status":"closed","template":"","meta":{"footnotes":""},"class_list":["post-8","page","type-page","status-publish","hentry"],"_links":{"self":[{"href":"https:\/\/mediacje.kieliszak.pl\/index.php?rest_route=\/wp\/v2\/pages\/8","targetHints":{"allow":["GET"]}}],"collection":[{"href":"https:\/\/mediacje.kieliszak.pl\/index.php?rest_route=\/wp\/v2\/pages"}],"about":[{"href":"https:\/\/mediacje.kieliszak.pl\/index.php?rest_route=\/wp\/v2\/types\/page"}],"author":[{"embeddable":true,"href":"https:\/\/mediacje.kieliszak.pl\/index.php?rest_route=\/wp\/v2\/users\/1"}],"replies":[{"embeddable":true,"href":"https:\/\/mediacje.kieliszak.pl\/index.php?rest_route=%2Fwp%2Fv2%2Fcomments&post=8"}],"version-history":[{"count":22,"href":"https:\/\/mediacje.kieliszak.pl\/index.php?rest_route=\/wp\/v2\/pages\/8\/revisions"}],"predecessor-version":[{"id":247,"href":"https:\/\/mediacje.kieliszak.pl\/index.php?rest_route=\/wp\/v2\/pages\/8\/revisions\/247"}],"wp:attachment":[{"href":"https:\/\/mediacje.kieliszak.pl\/index.php?rest_route=%2Fwp%2Fv2%2Fmedia&parent=8"}],"curies":[{"name":"wp","href":"https:\/\/api.w.org\/{rel}","templated":true}]}}