{"id":6,"date":"2020-01-27T13:31:54","date_gmt":"2020-01-27T13:31:54","guid":{"rendered":"http:\/\/mediacje.kieliszak.pl\/?page_id=6"},"modified":"2020-10-08T16:58:21","modified_gmt":"2020-10-08T16:58:21","slug":"o-mediacji","status":"publish","type":"page","link":"https:\/\/mediacje.kieliszak.pl\/","title":{"rendered":"O mediacji"},"content":{"rendered":"\n<p><\/p>\n\n\n\n<p class=\"has-vivid-cyan-blue-color has-text-color has-large-font-size\"><strong>O mediacji<\/strong><\/p>\n\n\n\n<p class=\"has-drop-cap\">Mediacje mo\u017cemy wykorzysta\u0107 w sprawach cywilnych ( z pow\u00f3dztwa cywilnego), rodzinnych (opieka nad dzie\u0107mi, obowi\u0105zek alimentacyjny, w\u0142adza rodzicielska), pracowniczych (ze stosunku pracy, umowy o dzie\u0142o, mobbingu czy w sporach zbiorowych), karnych (zado\u015b\u0107uczynienie za wyrz\u0105dzone szkody i krzywdy) i gospodarczych (odzyskanie nale\u017cnych p\u0142atno\u015bci czy zobowi\u0105za\u0144).  <a href=\"https:\/\/mediacje.kieliszak.pl\/wp-content\/uploads\/2020\/10\/Poswiadczenie-Bezpieczenstwa_TAJNE_-scaled.jpg\"><strong>Posiadam Po\u015bwiadczenie Bezpiecze\u0144stwa ABW w dost\u0119pie do dokument\u00f3w TAJNYCH<\/strong>.<\/a><\/p>\n\n\n\n<p> Je\u015bli szukasz pomocy w rozwi\u0105zaniu swoich problem\u00f3w przy pomocy mediacji, to dobrze trafi\u0142e\u015b, cho\u0107 mediator nie staje po \u017cadnej ze stron, zachowuj\u0105c status bezstronno\u015bci. <br>Celem mediacji jest pomoc w rozwi\u0105zaniu konflikt\u00f3w mi\u0119dzy stronami. Mediator dopilnuje, by proces mediacji przebiega\u0142 zgodnie z procedurami ustalonymi na wst\u0119pie.<br>Mediacja jest dobrowolna i poufna, co oznacza \u017ce mo\u017cesz w ka\u017cdej chwili odst\u0105pi\u0107 od mediacji, bez ponoszenia konsekwencji prawnych oraz \u017ce informacje ujawnione mi\u0119dzy stronami w trakcie mediacji, nie mog\u0105 by\u0107 u\u017cyte w trakcie post\u0119powania s\u0105dowego. Mediator mo\u017ce tylko w jednym wypadku \u015bwiadczy\u0107 w procesie s\u0105dowym. Tylko i wy\u0142\u0105cznie gdy uzyska zgod\u0119 <strong>OBU STRON<\/strong> na ujawnienie tych informacji. S\u0105d nie mo\u017ce nakaza\u0107 mediatorowi by zeznawa\u0142 bez zgody stron. Um\u00f3w si\u0119 na mediacj\u0119: <\/p>\n\n\n\n<h2 class=\"has-vivid-cyan-blue-color has-text-color wp-block-heading\">Jak to dzia\u0142a?<\/h2>\n\n\n\n<p class=\"has-drop-cap\">Skontaktuj  si\u0119 ze mn\u0105. Je\u015bli chcesz za\u0142atwi\u0107 swoj\u0105 spraw\u0119 bez S\u0105du i masz ch\u0119\u0107 do  zawarcia porozumienia (ugody), ja zorganizuj\u0119 spotkanie lub inny spos\u00f3b  by zebra\u0107 propozycje rozwi\u0105zania sprawy.<br>Je\u015bli  \u017cal, z\u0142o\u015b\u0107, rozgoryczenie, poczucie krzywdy czy inne emocje nie  pozwalaj\u0105 Ci na rozmow\u0119 z drug\u0105 stron\u0105, b\u0119d\u0119 m\u00f3g\u0142 Wam pom\u00f3c w  przekazywaniu propozycji i spisaniu ugody. <\/p>\n\n\n\n<p><a href=\"mailto:mediacje@kieliszak.pl\"><strong>mediacje@kieliszak.pl <\/strong><\/a><br><strong>lub zadzwo\u0144 &#8211; 604 174 570<\/strong><br><\/p>\n","protected":false},"excerpt":{"rendered":"<p>O mediacji Mediacje mo\u017cemy wykorzysta\u0107 w sprawach cywilnych ( z pow\u00f3dztwa cywilnego), rodzinnych (opieka nad dzie\u0107mi, obowi\u0105zek alimentacyjny, w\u0142adza rodzicielska), pracowniczych (ze stosunku pracy, umowy&hellip;<\/p>\n","protected":false},"author":1,"featured_media":30,"parent":0,"menu_order":0,"comment_status":"closed","ping_status":"closed","template":"","meta":{"footnotes":""},"class_list":["post-6","page","type-page","status-publish","has-post-thumbnail","hentry"],"_links":{"self":[{"href":"https:\/\/mediacje.kieliszak.pl\/index.php?rest_route=\/wp\/v2\/pages\/6","targetHints":{"allow":["GET"]}}],"collection":[{"href":"https:\/\/mediacje.kieliszak.pl\/index.php?rest_route=\/wp\/v2\/pages"}],"about":[{"href":"https:\/\/mediacje.kieliszak.pl\/index.php?rest_route=\/wp\/v2\/types\/page"}],"author":[{"embeddable":true,"href":"https:\/\/mediacje.kieliszak.pl\/index.php?rest_route=\/wp\/v2\/users\/1"}],"replies":[{"embeddable":true,"href":"https:\/\/mediacje.kieliszak.pl\/index.php?rest_route=%2Fwp%2Fv2%2Fcomments&post=6"}],"version-history":[{"count":16,"href":"https:\/\/mediacje.kieliszak.pl\/index.php?rest_route=\/wp\/v2\/pages\/6\/revisions"}],"predecessor-version":[{"id":158,"href":"https:\/\/mediacje.kieliszak.pl\/index.php?rest_route=\/wp\/v2\/pages\/6\/revisions\/158"}],"wp:featuredmedia":[{"embeddable":true,"href":"https:\/\/mediacje.kieliszak.pl\/index.php?rest_route=\/wp\/v2\/media\/30"}],"wp:attachment":[{"href":"https:\/\/mediacje.kieliszak.pl\/index.php?rest_route=%2Fwp%2Fv2%2Fmedia&parent=6"}],"curies":[{"name":"wp","href":"https:\/\/api.w.org\/{rel}","templated":true}]}}