{"id":5,"date":"2020-01-27T13:31:54","date_gmt":"2020-01-27T13:31:54","guid":{"rendered":"http:\/\/mediacje.kieliszak.pl\/?page_id=5"},"modified":"2022-11-03T08:10:22","modified_gmt":"2022-11-03T08:10:22","slug":"o-mnie","status":"publish","type":"page","link":"https:\/\/mediacje.kieliszak.pl\/?page_id=5","title":{"rendered":"O mnie"},"content":{"rendered":"\n<p class=\"has-text-align-left has-vivid-cyan-blue-color has-text-color\"><img decoding=\"async\" width=\"175\" height=\"176\" class=\"wp-image-26\" style=\"width: 175px;\" src=\"https:\/\/mediacje.kieliszak.pl\/wp-content\/uploads\/2020\/01\/20160626_190848.jpg\" alt=\"\" srcset=\"https:\/\/mediacje.kieliszak.pl\/wp-content\/uploads\/2020\/01\/20160626_190848.jpg 175w, https:\/\/mediacje.kieliszak.pl\/wp-content\/uploads\/2020\/01\/20160626_190848-150x150.jpg 150w\" sizes=\"(max-width: 175px) 100vw, 175px\" \/>  <strong> Kieliszak Ireneusz M.<\/strong><\/p>\n\n\n\n<p class=\"has-text-align-left\">Socjolog, psycholog motywacji, coach ACC, ICF, mediator od 2008r. i trener mediacji. Ostatnio poszerzy\u0142em swoje przygotowanie do pomocy osobom b\u0119d\u0105cym w kryzysie, o <strong>Specjalizacj\u0119 <\/strong>w zakresie <strong>Interwencji Kryzysowej<\/strong>. Wpis na list\u0119 Sta\u0142ych Mediator\u00f3w S\u0105dowych w S\u0105dzie Okr\u0119gowym w <a href=\"https:\/\/mediacje.kieliszak.pl\/wp-content\/uploads\/2020\/02\/Decyzja-wpis-na-list\u0119_a.jpg\"><strong>Szczecinie<\/strong><\/a> i Gorzowie Wielkopolskim. Posiadam po\u015bwiadczenie bezpiecze\u0144stwa ABW <strong>w dost\u0119pie do dokument\u00f3w TAJNYCH.<br><\/strong><br>Ci\u0105gle si\u0119 dokszta\u0142cam i zdobywam do\u015bwiadczenie w pracy mediatora.<\/p>\n\n\n\n<div id=\"grid-gallery-1-56151\" data-gg-id=\"1\" data-title=\"certyfikaty\" data-grid-type=\"0\" data-offset=\"5.3\" data-area-position=\"center\" data-icons=\"\" data-preloader=\"true\" data-width=\"215\" data-height=\"215\" data-padding=\"0\" data-quicksand=\"disabled\" data-quicksand-duration=\"none\" data-popup-theme=\"theme_6\" data-popup-type=\"pretty-photo\" data-popup-image-text=\"data-description\" data-popup-widthsize=\"auto\" data-popup-heightsize=\"auto\" data-popup-i18n-words=\"{&quot;close&quot;:&quot;close&quot;,&quot;next&quot;:&quot;next&quot;,&quot;previous&quot;:&quot;previous&quot;,&quot;start_slideshow&quot;:&quot;start slideshow&quot;,&quot;stop_slideshow&quot;:&quot;stop slideshow&quot;,&quot;image&quot;:&quot;image&quot;,&quot;of&quot;:&quot;of&quot;,&quot;prev&quot;:&quot;prev&quot;,&quot;cExpand&quot;:&quot;Expand&quot;,&quot;cPrevious&quot;:&quot;Previous&quot;,&quot;cNext&quot;:&quot;Next&quot;,&quot;cExpandStr&quot;:&quot;Expand the image&quot;,&quot;cRotate&quot;:&quot;Rotate&quot;,&quot;cDetails&quot;:&quot;Details&quot;}\" data-popup-slideshow=\"false\" data-popup-slideshow-speed=\"2500\" data-popup-hoverstop=\"true\" data-popup-slideshow-auto=\"false\" data-popup-background=\"\" data-popup-transparency=\"30\" data-popup-disable-history=\"\" data-popup-disable-changed-url=\"\" data-popup-border-type=\"solid\" data-popup-border-color=\"\" data-popup-border-width=\"\" data-popup-border-enable=\"\" data-fullscreen=\"false\" data-hide-tooltip=\"false\" data-caption-font-family=\"Default\" data-caption-text-size=\"140\" data-is-mobile=\"0\" data-caption-mobile=\"false\" data-hide-long-tltp-title=\"0\" data-caption-disabled-on-mobile=\"false\" data-popup-placement-type=\"0\" data-social-sharing=\"{&quot;enabled&quot;:&quot;&quot;,&quot;gallerySharing&quot;:{&quot;enabled&quot;:null,&quot;position&quot;:null},&quot;imageSharing&quot;:{&quot;enabled&quot;:null,&quot;wrapperClass&quot;:&quot; vertical &quot;},&quot;popupSharing&quot;:{&quot;enabled&quot;:null,&quot;wrapperClass&quot;:&quot; vertical &quot;}}\" class=\"grid-gallery grid-gallery-fixed \" style=\" width:100%; height:auto; margin-left:auto; margin-right:auto;position:relative;\"> <div class=\"gallery-loading\"> <div class=\"blocks\"> <div class=\"block\"><\/div> <div class=\"block\"><\/div> <div class=\"block\"><\/div> <div class=\"block\"><\/div> <\/div> <\/div> <div class=\"gallery-sharing-top\" style=\"display:none;\"> <\/div> <div id=\"photos-1\" class=\"grid-gallery-photos\"><FIGURE class=\"grid-gallery-caption\" data-grid-gallery-type=\"quarter-slide-up\" data-index=\"0\" style=\"display:none;border-radius:00;; margin:5.3px; width:2150;\" ><div class=\"crop\" style=\" width:2150; height:2150; overflow:hidden;\"><img decoding=\"async\" src=\"https:\/\/mediacje.kieliszak.pl\/wp-content\/uploads\/2020\/02\/Decyzja-wpis-na-list\u0119_a-215x215.jpg\" class=\"ggImg\" alt=\"Wpis na list\u0119 SO Szczecin\" title=\"Decyzja wpis na list\u0119_a\" data-description=\"Decyzja wpis na list\u0119_a\" data-caption=\"Decyzja wpis na list\u0119_a\" data-title=\"Decyzja wpis na list\u0119_a\" style=\" width:215px; height:215px;\" \/><\/div><FIGCAPTION class=\"\" data-alpha=\"5\" style=\"color:#ffffff; background-color:#6f0000; font-size:140; text-align:left; font-family:Default;\" ><div class=\"grid-gallery-figcaption-wrap\" style=\"\"><\/div><\/FIGCAPTION><\/FIGURE><FIGURE class=\"grid-gallery-caption\" data-grid-gallery-type=\"quarter-slide-up\" data-index=\"1\" style=\"display:none;border-radius:00;; margin:5.3px; width:2150;\" ><div class=\"crop\" style=\" width:2150; height:2150; overflow:hidden;\"><img decoding=\"async\" src=\"https:\/\/mediacje.kieliszak.pl\/wp-content\/uploads\/2020\/02\/Certyfikat-1-scaled-215x215.jpg\" class=\"ggImg\" alt=\"Certyfikat Szko\u0142a Mediacji Wroc\u0142aw\" title=\"Szko\u0142a Mediacji Wroc\u0142aw\" data-description=\"Szko\u0142a Mediacji Wroc\u0142aw\" data-caption=\"Certyfikat-1\" data-title=\"Certyfikat-1\" style=\" width:215px; height:215px;\" \/><\/div><FIGCAPTION class=\"\" data-alpha=\"5\" style=\"color:#ffffff; background-color:#6f0000; font-size:140; text-align:left; font-family:Default;\" ><div class=\"grid-gallery-figcaption-wrap\" style=\"\"><\/div><\/FIGCAPTION><\/FIGURE><FIGURE class=\"grid-gallery-caption\" data-grid-gallery-type=\"quarter-slide-up\" data-index=\"2\" style=\"display:none;border-radius:00;; margin:5.3px; width:2150;\" ><div class=\"crop\" style=\" width:2150; height:2150; overflow:hidden;\"><img decoding=\"async\" src=\"https:\/\/mediacje.kieliszak.pl\/wp-content\/uploads\/2020\/02\/Dyplom-KCM-1-scaled-215x215.jpg\" class=\"ggImg\" alt=\"Dyplom Konstruowanie Ug\u00f3d\" title=\"Konstruowanie Ug\u00f3d\" data-description=\"Konstruowanie Ug\u00f3d\" data-caption=\"Dyplom-KCM-1\" data-title=\"Dyplom-KCM-1\" style=\" width:215px; height:215px;\" \/><\/div><FIGCAPTION class=\"\" data-alpha=\"5\" style=\"color:#ffffff; background-color:#6f0000; font-size:140; text-align:left; font-family:Default;\" ><div class=\"grid-gallery-figcaption-wrap\" style=\"\"><\/div><\/FIGCAPTION><\/FIGURE><FIGURE class=\"grid-gallery-caption\" data-grid-gallery-type=\"quarter-slide-up\" data-index=\"3\" style=\"display:none;border-radius:00;; margin:5.3px; width:2150;\" ><div class=\"crop\" style=\" width:2150; height:2150; overflow:hidden;\"><img decoding=\"async\" src=\"https:\/\/mediacje.kieliszak.pl\/wp-content\/uploads\/2020\/02\/Tydzien-mediacji-Szczecin-2009-215x215.jpg\" class=\"ggImg\" alt=\"Tydzien-mediacji-Szczecin-2009\" title=\"Tydzien-mediacji-Szczecin-2009\" data-description=\"Tydzien-mediacji-Szczecin-2009\" data-caption=\"Tydzien-mediacji-Szczecin-2009\" data-title=\"Tydzien-mediacji-Szczecin-2009\" style=\" width:215px; height:215px;\" \/><\/div><FIGCAPTION class=\"\" data-alpha=\"5\" style=\"color:#ffffff; background-color:#6f0000; font-size:140; text-align:left; font-family:Default;\" ><div class=\"grid-gallery-figcaption-wrap\" style=\"\"><\/div><\/FIGCAPTION><\/FIGURE><FIGURE class=\"grid-gallery-caption\" data-grid-gallery-type=\"quarter-slide-up\" data-index=\"4\" style=\"display:none;border-radius:00;; margin:5.3px; width:2150;\" ><div class=\"crop\" style=\" width:2150; height:2150; overflow:hidden;\"><img decoding=\"async\" src=\"https:\/\/mediacje.kieliszak.pl\/wp-content\/uploads\/2020\/02\/Mediana-2009-215x215.jpg\" class=\"ggImg\" alt=\"Mediana-2009\" title=\"Mediana-2009\" data-description=\"Mediana-2009\" data-caption=\"Mediana-2009\" data-title=\"Mediana-2009\" style=\" width:215px; height:215px;\" \/><\/div><FIGCAPTION class=\"\" data-alpha=\"5\" style=\"color:#ffffff; background-color:#6f0000; font-size:140; text-align:left; font-family:Default;\" ><div class=\"grid-gallery-figcaption-wrap\" style=\"\"><\/div><\/FIGCAPTION><\/FIGURE><FIGURE class=\"grid-gallery-caption\" data-grid-gallery-type=\"quarter-slide-up\" data-index=\"5\" style=\"display:none;border-radius:00;; margin:5.3px; width:2150;\" ><div class=\"crop\" style=\" width:2150; height:2150; overflow:hidden;\"><img decoding=\"async\" src=\"https:\/\/mediacje.kieliszak.pl\/wp-content\/uploads\/2020\/02\/Zakopane-2010_a-215x215.jpg\" class=\"ggImg\" alt=\"Zakopane-2010_a\" title=\"Zakopane-2010_a\" data-description=\"Zakopane-2010_a\" data-caption=\"Zakopane-2010_a\" data-title=\"Zakopane-2010_a\" style=\" width:215px; height:215px;\" \/><\/div><FIGCAPTION class=\"\" data-alpha=\"5\" style=\"color:#ffffff; background-color:#6f0000; font-size:140; text-align:left; font-family:Default;\" ><div class=\"grid-gallery-figcaption-wrap\" style=\"\"><\/div><\/FIGCAPTION><\/FIGURE><FIGURE class=\"grid-gallery-caption\" data-grid-gallery-type=\"quarter-slide-up\" data-index=\"6\" style=\"display:none;border-radius:00;; margin:5.3px; width:2150;\" ><div class=\"crop\" style=\" width:2150; height:2150; overflow:hidden;\"><img decoding=\"async\" src=\"https:\/\/mediacje.kieliszak.pl\/wp-content\/uploads\/2020\/02\/Certyfikat-Mediacje-gospodarcze-1-scaled-215x215.jpg\" class=\"ggImg\" alt=\"Certyfikat-Mediacje-gospodarcze-1\" title=\"Certyfikat-Mediacje-gospodarcze-1\" data-description=\"Certyfikat-Mediacje-gospodarcze-1\" data-caption=\"Certyfikat-Mediacje-gospodarcze-1\" data-title=\"Certyfikat-Mediacje-gospodarcze-1\" style=\" width:215px; height:215px;\" \/><\/div><FIGCAPTION class=\"\" data-alpha=\"5\" style=\"color:#ffffff; background-color:#6f0000; font-size:140; text-align:left; font-family:Default;\" ><div class=\"grid-gallery-figcaption-wrap\" style=\"\"><\/div><\/FIGCAPTION><\/FIGURE><FIGURE class=\"grid-gallery-caption\" data-grid-gallery-type=\"quarter-slide-up\" data-index=\"7\" style=\"display:none;border-radius:00;; margin:5.3px; width:2150;\" ><div class=\"crop\" style=\" width:2150; height:2150; overflow:hidden;\"><img decoding=\"async\" src=\"https:\/\/mediacje.kieliszak.pl\/wp-content\/uploads\/2020\/02\/sasiedztwo_a-215x215.jpg\" class=\"ggImg\" alt=\"Dobre S\u0105siedztwo\" title=\"sasiedztwo_a\" data-description=\"sasiedztwo_a\" data-caption=\"sasiedztwo_a\" data-title=\"sasiedztwo_a\" style=\" width:215px; height:215px;\" \/><\/div><FIGCAPTION class=\"\" data-alpha=\"5\" style=\"color:#ffffff; background-color:#6f0000; font-size:140; text-align:left; font-family:Default;\" ><div class=\"grid-gallery-figcaption-wrap\" style=\"\"><\/div><\/FIGCAPTION><\/FIGURE><FIGURE class=\"grid-gallery-caption\" data-grid-gallery-type=\"quarter-slide-up\" data-index=\"8\" style=\"display:none;border-radius:00;; margin:5.3px; width:2150;\" ><div class=\"crop\" style=\" width:2150; height:2150; overflow:hidden;\"><img decoding=\"async\" src=\"https:\/\/mediacje.kieliszak.pl\/wp-content\/uploads\/2020\/10\/Poswiadczenie-Bezpieczenstwa_TAJNE_-scaled-215x215.jpg\" class=\"ggImg\" alt=\"Poswiadczenie Bezpiecze\u0144stwa_TAJNE_\" title=\"Poswiadczenie Bezpiecze\u0144stwa_TAJNE_\" data-description=\"Poswiadczenie Bezpiecze\u0144stwa_TAJNE_\" data-caption=\"Poswiadczenie Bezpiecze\u0144stwa_TAJNE_\" data-title=\"Poswiadczenie Bezpiecze\u0144stwa_TAJNE_\" style=\" width:215px; height:215px;\" \/><\/div><FIGCAPTION class=\"\" data-alpha=\"5\" style=\"color:#ffffff; background-color:#6f0000; font-size:140; text-align:left; font-family:Default;\" ><div class=\"grid-gallery-figcaption-wrap\" style=\"\"><\/div><\/FIGCAPTION><\/FIGURE><FIGURE class=\"grid-gallery-caption\" data-grid-gallery-type=\"quarter-slide-up\" data-index=\"9\" style=\"display:none;border-radius:00;; margin:5.3px; width:2150;\" ><div class=\"crop\" style=\" width:2150; height:2150; overflow:hidden;\"><img decoding=\"async\" src=\"https:\/\/mediacje.kieliszak.pl\/wp-content\/uploads\/2022\/01\/Certyfikat-IKr-215x215.jpg\" class=\"ggImg\" alt=\"Specjalista Interwencji Kryzysowej\" title=\"Certyfikat Interwencji Kryzysowej\" data-description=\"Certyfikat Interwencji Kryzysowej\" data-caption=\"Certyfikat Interwencji Kryzysowej\" data-title=\"Certyfikat Interwencji Kryzysowej\" style=\" width:215px; height:215px;\" \/><\/div><FIGCAPTION class=\"\" data-alpha=\"5\" style=\"color:#ffffff; background-color:#6f0000; font-size:140; text-align:left; font-family:Default;\" ><div class=\"grid-gallery-figcaption-wrap\" style=\"\"><\/div><\/FIGCAPTION><\/FIGURE><FIGURE class=\"grid-gallery-caption\" data-grid-gallery-type=\"quarter-slide-up\" data-index=\"10\" style=\"display:none;border-radius:00;; margin:5.3px; width:2150;\" ><div class=\"crop\" style=\" width:2150; height:2150; overflow:hidden;\"><img decoding=\"async\" src=\"https:\/\/mediacje.kieliszak.pl\/wp-content\/uploads\/2024\/01\/Stawki-mediacje-niemajatkowe-1-215x215.jpg\" class=\"ggImg\" alt=\"2024r.\" title=\"Stawki mediacje niemaj\u0105tkowe\" data-description=\"Stawki mediacje niemaj\u0105tkowe\" data-caption=\"Stawki mediacje niemaj\u0105tkowe\" data-title=\"Stawki mediacje niemaj\u0105tkowe\" style=\" width:215px; height:215px;\" \/><\/div><FIGCAPTION class=\"\" data-alpha=\"5\" style=\"color:#ffffff; background-color:#6f0000; font-size:140; text-align:left; font-family:Default;\" ><div class=\"grid-gallery-figcaption-wrap\" style=\"\"><\/div><\/FIGCAPTION><\/FIGURE> <div class=\"grid-gallery-clearfix\"><\/div> <\/div> <div class=\"gallery-sharing-bottom\" style=\"display:none;\"> <\/div> <div class=\"gallery-sharing-image\" style=\"display:none;\"> <\/div> <div class=\"gallery-sharing-popup\" style=\"display:none;\"> <\/div> <div class=\"grid-gallery-clearfix\"><\/div> <\/div> <!-- Gallery by Supsystic plugin1.16.1 --><a title=\"Wordpress Photo Gallery\" style=\"display:none;\" href=\"https:\/\/supsystic.com\/plugins\/photo-gallery\/?utm_medium=love_link\" target=\"_blank\">Wordpress Photo Gallery<\/a>\n\n\n\n<h2 class=\"wp-block-heading\"><\/h2>\n","protected":false},"excerpt":{"rendered":"<p>Kieliszak Ireneusz M. Socjolog, psycholog motywacji, coach ACC, ICF, mediator od 2008r. i trener mediacji. Ostatnio poszerzy\u0142em swoje przygotowanie do pomocy osobom b\u0119d\u0105cym w kryzysie,&hellip;<\/p>\n","protected":false},"author":1,"featured_media":30,"parent":0,"menu_order":2,"comment_status":"closed","ping_status":"closed","template":"","meta":{"footnotes":""},"class_list":["post-5","page","type-page","status-publish","has-post-thumbnail","hentry"],"_links":{"self":[{"href":"https:\/\/mediacje.kieliszak.pl\/index.php?rest_route=\/wp\/v2\/pages\/5","targetHints":{"allow":["GET"]}}],"collection":[{"href":"https:\/\/mediacje.kieliszak.pl\/index.php?rest_route=\/wp\/v2\/pages"}],"about":[{"href":"https:\/\/mediacje.kieliszak.pl\/index.php?rest_route=\/wp\/v2\/types\/page"}],"author":[{"embeddable":true,"href":"https:\/\/mediacje.kieliszak.pl\/index.php?rest_route=\/wp\/v2\/users\/1"}],"replies":[{"embeddable":true,"href":"https:\/\/mediacje.kieliszak.pl\/index.php?rest_route=%2Fwp%2Fv2%2Fcomments&post=5"}],"version-history":[{"count":28,"href":"https:\/\/mediacje.kieliszak.pl\/index.php?rest_route=\/wp\/v2\/pages\/5\/revisions"}],"predecessor-version":[{"id":235,"href":"https:\/\/mediacje.kieliszak.pl\/index.php?rest_route=\/wp\/v2\/pages\/5\/revisions\/235"}],"wp:featuredmedia":[{"embeddable":true,"href":"https:\/\/mediacje.kieliszak.pl\/index.php?rest_route=\/wp\/v2\/media\/30"}],"wp:attachment":[{"href":"https:\/\/mediacje.kieliszak.pl\/index.php?rest_route=%2Fwp%2Fv2%2Fmedia&parent=5"}],"curies":[{"name":"wp","href":"https:\/\/api.w.org\/{rel}","templated":true}]}}