{"id":182,"date":"2021-09-12T08:55:26","date_gmt":"2021-09-12T08:55:26","guid":{"rendered":"http:\/\/mediacje.kieliszak.pl\/?page_id=182"},"modified":"2024-01-22T18:50:21","modified_gmt":"2024-01-22T18:50:21","slug":"oplaty-za-proces-mediacji","status":"publish","type":"page","link":"https:\/\/mediacje.kieliszak.pl\/?page_id=182","title":{"rendered":"Op\u0142aty za proces mediacji"},"content":{"rendered":"\n<p class=\"has-vivid-cyan-blue-color has-text-color has-medium-font-size\"><strong>Op\u0142ata rejestracyjna \u2013 150,00 z\u0142<\/strong><\/p>\n\n\n\n<p class=\"has-black-color has-text-color has-medium-font-size\">Op\u0142ata rejestracyjna pobierana jest niezale\u017cnie od rodzaju sprawy. Obejmuje koszty administracyjne oraz zaproszenie na mediacj\u0119 drugiej strony poprzez kontakt telefoniczny, mailowy lub listowny.&nbsp;Op\u0142ata wst\u0119pna jest bezzwrotna i niezale\u017cna od zgody drugiej strony na mediacj\u0119. Strona lub strony sk\u0142adaj\u0105ce wniosek o przeprowadzenie mediacji s\u0105 obowi\u0105zane ui\u015bci\u0107 op\u0142at\u0119 rejestracyjn\u0105 na rachunek bankowy: PeKaO S.A. I\/o w Stargardzie, 16 1240 3901 1111 0010 4173 0576, tytu\u0142em <strong>\u201eop\u0142ata rejestracyjna imi\u0119 i nazwisko\u201d<\/strong>.<\/p>\n\n\n\n<figure class=\"wp-block-gallery has-nested-images columns-default is-cropped wp-block-gallery-1 is-layout-flex wp-block-gallery-is-layout-flex\">\n<figure class=\"wp-block-image size-large\"><img fetchpriority=\"high\" decoding=\"async\" width=\"1024\" height=\"909\" data-id=\"243\" src=\"https:\/\/mediacje.kieliszak.pl\/wp-content\/uploads\/2024\/01\/Stawki-mediacje-niemajatkowe-1-1024x909.jpg\" alt=\"2024r.\" class=\"wp-image-243\" srcset=\"https:\/\/mediacje.kieliszak.pl\/wp-content\/uploads\/2024\/01\/Stawki-mediacje-niemajatkowe-1-1024x909.jpg 1024w, https:\/\/mediacje.kieliszak.pl\/wp-content\/uploads\/2024\/01\/Stawki-mediacje-niemajatkowe-1-300x266.jpg 300w, https:\/\/mediacje.kieliszak.pl\/wp-content\/uploads\/2024\/01\/Stawki-mediacje-niemajatkowe-1-768x682.jpg 768w, https:\/\/mediacje.kieliszak.pl\/wp-content\/uploads\/2024\/01\/Stawki-mediacje-niemajatkowe-1-1536x1363.jpg 1536w, https:\/\/mediacje.kieliszak.pl\/wp-content\/uploads\/2024\/01\/Stawki-mediacje-niemajatkowe-1.jpg 1654w\" sizes=\"(max-width: 1024px) 100vw, 1024px\" \/><\/figure>\n<\/figure>\n\n\n\n<p class=\"has-vivid-cyan-blue-color has-text-color has-medium-font-size\"><strong>Op\u0142aty za mediacj\u0119 w sprawach maj\u0105tkowych z okre\u015blon\u0105 warto\u015bci\u0105 przedmiotu sporu:<\/strong><\/p>\n\n\n\n<p>Koszty obejmuj\u0105 do 2 posiedze\u0144 mediacyjnych w sprawach o <strong>WPS <\/strong>poni\u017cej 50.000,00 z\u0142; do 4 posiedze\u0144 w sprawach o <strong>WPS <\/strong>powy\u017cej 50.000,00 z\u0142. do 2.000.000,00 z\u0142; maksymalnie do 10 posiedze\u0144 w sprawach powy\u017cej 2.000.000,00 z\u0142. Dodatkowe posiedzenia p\u0142atne wg op\u0142at za mediacj\u0119 w sprawach niemaj\u0105tkowych.<\/p>\n\n\n\n<p>do 1500 z\u0142 \u2013&nbsp;<strong>350z\u0142<\/strong><\/p>\n\n\n\n<p>powy\u017cej 1500 z\u0142 do 5000 z\u0142 \u2013&nbsp;<strong>450 z\u0142<\/strong><\/p>\n\n\n\n<p>powy\u017cej 5000 z\u0142 do 10 000 z\u0142 \u2013&nbsp;<strong>900 z\u0142<\/strong><\/p>\n\n\n\n<p>powy\u017cej 10 000 z\u0142 do 50 000 z\u0142 \u2013&nbsp;<strong>1.800 z\u0142<\/strong><\/p>\n\n\n\n<p>powy\u017cej 50 000 z\u0142 do 200 000 z\u0142 \u2013&nbsp;<strong>2.700 z\u0142<\/strong><\/p>\n\n\n\n<p>powy\u017cej 200 000 z\u0142 do 2 000 000 z\u0142 \u2013&nbsp;<strong>5.400 z\u0142<\/strong><\/p>\n\n\n\n<p>powy\u017cej 2 000 000 z\u0142 do 5 000 000 z\u0142 \u2013&nbsp;<strong>7.500 z\u0142<\/strong><\/p>\n\n\n\n<p>powy\u017cej 5 000 000 z\u0142 \u2013&nbsp;<strong>12.500 z\u0142<\/strong>.<\/p>\n\n\n\n<p><\/p>\n\n\n\n<p class=\"has-vivid-cyan-blue-color has-text-color has-medium-font-size\"><strong>REGULAMIN \u015aWIADCZENIA US\u0141UG<\/strong><\/p>\n\n\n\n<p>W przypadku rezerwacji terminu i niestawiennictwa, strony zobowi\u0105zane s\u0105 do zap\u0142aty kwoty 200,00 z\u0142 oraz zwrotu wydatk\u00f3w poniesionych przez mediatora (koszty dojazdu, wynajmu pomieszcze\u0144, etc.), w przypadku mediacji umownych, za\u015b w przypadku mediacji s\u0105dowych zwrotu wydatk\u00f3w mediatora w wysoko\u015bci nieprzekraczaj\u0105cej 70,00 z\u0142.<\/p>\n\n\n\n<p>Spotkanie informacyjne po\u015bwi\u0119cone jest om\u00f3wieniu zasad mediacji, okre\u015bleniu przedmiotu sporu, ustaleniu sposobu p\u0142atno\u015bci, podpisaniu umowy o mediacj\u0119. Spotkanie trwa 1 godzin\u0119.<\/p>\n\n\n\n<p>Posiedzenie mediacyjne oznacza: spotkanie indywidualne, spotkanie wsp\u00f3lne lub posiedzenie on-line. Rozmowy telefoniczne dotycz\u0105ce kwestii merytorycznych (a nie organizacyjnych) traktowane s\u0105 jak posiedzenie mediacyjne.<\/p>\n\n\n\n<p>W zale\u017cno\u015bci od ustale\u0144 ze stronami pierwsze posiedzenie mediacyjne odbywa si\u0119 wsp\u00f3lnie lub w razie potrzeby indywidualnie z ka\u017cd\u0105 ze stron.<\/p>\n\n\n\n<p>Czas trwania jednego posiedzenia mediacyjnego to 1 godz. Ka\u017cda kolejna rozpocz\u0119ta godzina mediacji traktowana jest jako kolejne posiedzenie mediacyjne. Istnieje mo\u017cliwo\u015b\u0107 zaplanowania kilku posiedze\u0144 jednego dnia.:&nbsp;&#8211; posiedzenia indywidualne z ka\u017cd\u0105 ze stron,&nbsp;-spotkania wsp\u00f3lne Za\u015bwiadczenie o zg\u0142oszeniu do mediacji, mediator wydaje wy\u0142\u0105cznie po nawi\u0105zaniu kontaktu z drug\u0105 stron\u0105 i otrzymaniu od niej zgody lub odmowy na mediacj\u0119.<\/p>\n\n\n\n<pre class=\"wp-block-preformatted has-medium-font-size\"><strong>UWAGA!\nWszystkie ceny, s\u0105 cenami umownymi.<\/strong>\n<\/pre>\n\n\n\n<p><\/p>\n","protected":false},"excerpt":{"rendered":"<p>Op\u0142ata rejestracyjna \u2013 150,00 z\u0142 Op\u0142ata rejestracyjna pobierana jest niezale\u017cnie od rodzaju sprawy. Obejmuje koszty administracyjne oraz zaproszenie na mediacj\u0119 drugiej strony poprzez kontakt telefoniczny,&hellip;<\/p>\n","protected":false},"author":1,"featured_media":0,"parent":0,"menu_order":0,"comment_status":"closed","ping_status":"closed","template":"","meta":{"footnotes":""},"class_list":["post-182","page","type-page","status-publish","hentry"],"_links":{"self":[{"href":"https:\/\/mediacje.kieliszak.pl\/index.php?rest_route=\/wp\/v2\/pages\/182","targetHints":{"allow":["GET"]}}],"collection":[{"href":"https:\/\/mediacje.kieliszak.pl\/index.php?rest_route=\/wp\/v2\/pages"}],"about":[{"href":"https:\/\/mediacje.kieliszak.pl\/index.php?rest_route=\/wp\/v2\/types\/page"}],"author":[{"embeddable":true,"href":"https:\/\/mediacje.kieliszak.pl\/index.php?rest_route=\/wp\/v2\/users\/1"}],"replies":[{"embeddable":true,"href":"https:\/\/mediacje.kieliszak.pl\/index.php?rest_route=%2Fwp%2Fv2%2Fcomments&post=182"}],"version-history":[{"count":17,"href":"https:\/\/mediacje.kieliszak.pl\/index.php?rest_route=\/wp\/v2\/pages\/182\/revisions"}],"predecessor-version":[{"id":246,"href":"https:\/\/mediacje.kieliszak.pl\/index.php?rest_route=\/wp\/v2\/pages\/182\/revisions\/246"}],"wp:attachment":[{"href":"https:\/\/mediacje.kieliszak.pl\/index.php?rest_route=%2Fwp%2Fv2%2Fmedia&parent=182"}],"curies":[{"name":"wp","href":"https:\/\/api.w.org\/{rel}","templated":true}]}}